{"id":13,"date":"2024-10-14T22:34:15","date_gmt":"2024-10-14T22:34:15","guid":{"rendered":"https:\/\/elencuentrosv.com\/sanmartin\/?page_id=13"},"modified":"2026-02-17T22:08:41","modified_gmt":"2026-02-17T22:08:41","slug":"el-encuentro-san-martin","status":"publish","type":"page","link":"https:\/\/elencuentrosv.com\/sanmartin\/","title":{"rendered":"El Encuentro SAN MART\u00cdN"},"content":{"rendered":"","protected":false},"excerpt":{"rendered":"","protected":false},"author":1,"featured_media":256,"parent":0,"menu_order":0,"comment_status":"closed","ping_status":"closed","template":"templates\/homepage.php","meta":{"_acf_changed":false,"_seopress_robots_primary_cat":"","_seopress_titles_title":"El Encuentro SAN MART\u00cdN","_seopress_titles_desc":"Plaza Comercial El Encuentro San Mart\u00edn es m\u00e1s que un Centro Comercial de reuni\u00f3n en El Salvador. Es un lugar de experiencias dise\u00f1ado para hacer de cada visita un encuentro memorable.","_seopress_robots_index":"","footnotes":""},"class_list":["post-13","page","type-page","status-publish","has-post-thumbnail","hentry"],"acf":[],"_links":{"self":[{"href":"https:\/\/elencuentrosv.com\/sanmartin\/wp-json\/wp\/v2\/pages\/13","targetHints":{"allow":["GET"]}}],"collection":[{"href":"https:\/\/elencuentrosv.com\/sanmartin\/wp-json\/wp\/v2\/pages"}],"about":[{"href":"https:\/\/elencuentrosv.com\/sanmartin\/wp-json\/wp\/v2\/types\/page"}],"author":[{"embeddable":true,"href":"https:\/\/elencuentrosv.com\/sanmartin\/wp-json\/wp\/v2\/users\/1"}],"replies":[{"embeddable":true,"href":"https:\/\/elencuentrosv.com\/sanmartin\/wp-json\/wp\/v2\/comments?post=13"}],"version-history":[{"count":23,"href":"https:\/\/elencuentrosv.com\/sanmartin\/wp-json\/wp\/v2\/pages\/13\/revisions"}],"predecessor-version":[{"id":288,"href":"https:\/\/elencuentrosv.com\/sanmartin\/wp-json\/wp\/v2\/pages\/13\/revisions\/288"}],"wp:featuredmedia":[{"embeddable":true,"href":"https:\/\/elencuentrosv.com\/sanmartin\/wp-json\/wp\/v2\/media\/256"}],"wp:attachment":[{"href":"https:\/\/elencuentrosv.com\/sanmartin\/wp-json\/wp\/v2\/media?parent=13"}],"curies":[{"name":"wp","href":"https:\/\/api.w.org\/{rel}","templated":true}]}}