{"id":13,"date":"2024-10-14T22:34:15","date_gmt":"2024-10-14T22:34:15","guid":{"rendered":"https:\/\/elencuentrosv.com\/sanmarcos\/?page_id=13"},"modified":"2026-02-17T22:08:04","modified_gmt":"2026-02-17T22:08:04","slug":"homepage","status":"publish","type":"page","link":"https:\/\/elencuentrosv.com\/sanmarcos\/","title":{"rendered":"El Encuentro San Marcos"},"content":{"rendered":"","protected":false},"excerpt":{"rendered":"","protected":false},"author":1,"featured_media":236,"parent":0,"menu_order":0,"comment_status":"closed","ping_status":"closed","template":"templates\/homepage.php","meta":{"_acf_changed":false,"_seopress_robots_primary_cat":"","_seopress_titles_title":"El Encuentro San Marcos","_seopress_titles_desc":"El Encuentro San Marcos es m\u00e1s que un lugar para hacer compras. Es un espacio pensado para que vivas experiencias c\u00f3modas, seguras y pr\u00e1cticas en tu d\u00eda a d\u00eda.","_seopress_robots_index":"","footnotes":""},"class_list":["post-13","page","type-page","status-publish","has-post-thumbnail","hentry"],"acf":[],"_links":{"self":[{"href":"https:\/\/elencuentrosv.com\/sanmarcos\/wp-json\/wp\/v2\/pages\/13","targetHints":{"allow":["GET"]}}],"collection":[{"href":"https:\/\/elencuentrosv.com\/sanmarcos\/wp-json\/wp\/v2\/pages"}],"about":[{"href":"https:\/\/elencuentrosv.com\/sanmarcos\/wp-json\/wp\/v2\/types\/page"}],"author":[{"embeddable":true,"href":"https:\/\/elencuentrosv.com\/sanmarcos\/wp-json\/wp\/v2\/users\/1"}],"replies":[{"embeddable":true,"href":"https:\/\/elencuentrosv.com\/sanmarcos\/wp-json\/wp\/v2\/comments?post=13"}],"version-history":[{"count":23,"href":"https:\/\/elencuentrosv.com\/sanmarcos\/wp-json\/wp\/v2\/pages\/13\/revisions"}],"predecessor-version":[{"id":278,"href":"https:\/\/elencuentrosv.com\/sanmarcos\/wp-json\/wp\/v2\/pages\/13\/revisions\/278"}],"wp:featuredmedia":[{"embeddable":true,"href":"https:\/\/elencuentrosv.com\/sanmarcos\/wp-json\/wp\/v2\/media\/236"}],"wp:attachment":[{"href":"https:\/\/elencuentrosv.com\/sanmarcos\/wp-json\/wp\/v2\/media?parent=13"}],"curies":[{"name":"wp","href":"https:\/\/api.w.org\/{rel}","templated":true}]}}