{"id":262,"date":"2025-04-14T17:46:32","date_gmt":"2025-04-14T17:46:32","guid":{"rendered":"https:\/\/elencuentrosv.com\/lalibertad\/?page_id=262"},"modified":"2025-04-14T17:55:40","modified_gmt":"2025-04-14T17:55:40","slug":"blog","status":"publish","type":"page","link":"https:\/\/elencuentrosv.com\/lalibertad\/blog\/","title":{"rendered":"BLOG"},"content":{"rendered":"\t\t<div data-elementor-type=\"wp-page\" data-elementor-id=\"262\" class=\"elementor elementor-262\" data-elementor-post-type=\"page\">\n\t\t\t\t<div class=\"elementor-element elementor-element-a76c14f e-flex e-con-boxed e-con e-parent\" data-id=\"a76c14f\" data-element_type=\"container\" data-e-type=\"container\">\n\t\t\t\t\t<div class=\"e-con-inner\">\n\t\t\t\t\t<\/div>\n\t\t\t\t<\/div>\n\t\t<div class=\"elementor-element elementor-element-169a067 e-flex e-con-boxed e-con e-parent\" data-id=\"169a067\" data-element_type=\"container\" data-e-type=\"container\">\n\t\t\t\t\t<div class=\"e-con-inner\">\n\t\t\t\t<div class=\"elementor-element elementor-element-74e6ae0 elementor-grid-4 elementor-grid-tablet-2 elementor-grid-mobile-1 elementor-posts--thumbnail-top elementor-card-shadow-yes elementor-posts__hover-gradient elementor-widget elementor-widget-posts\" data-id=\"74e6ae0\" data-element_type=\"widget\" data-e-type=\"widget\" data-settings=\"{&quot;cards_columns&quot;:&quot;4&quot;,&quot;cards_columns_tablet&quot;:&quot;2&quot;,&quot;cards_columns_mobile&quot;:&quot;1&quot;,&quot;cards_row_gap&quot;:{&quot;unit&quot;:&quot;px&quot;,&quot;size&quot;:35,&quot;sizes&quot;:[]},&quot;cards_row_gap_tablet&quot;:{&quot;unit&quot;:&quot;px&quot;,&quot;size&quot;:&quot;&quot;,&quot;sizes&quot;:[]},&quot;cards_row_gap_mobile&quot;:{&quot;unit&quot;:&quot;px&quot;,&quot;size&quot;:&quot;&quot;,&quot;sizes&quot;:[]}}\" data-widget_type=\"posts.cards\">\n\t\t\t\t<div class=\"elementor-widget-container\">\n\t\t\t\t\t\t\t<div class=\"elementor-posts-container elementor-posts elementor-posts--skin-cards elementor-grid\" role=\"list\">\n\t\t\t\t<article class=\"elementor-post elementor-grid-item post-378 post type-post status-publish format-standard has-post-thumbnail hentry category-uncategorized\" role=\"listitem\">\n\t\t\t<div class=\"elementor-post__card\">\n\t\t\t\t<a class=\"elementor-post__thumbnail__link\" href=\"https:\/\/elencuentrosv.com\/lalibertad\/el-encuentro-la-libertad-en-verano-tu-parada-ideal-para-compras-descanso-y-conveniencia\/\" tabindex=\"-1\" ><div class=\"elementor-post__thumbnail\"><img fetchpriority=\"high\" decoding=\"async\" width=\"1080\" height=\"1845\" src=\"https:\/\/elencuentrosv.com\/lalibertad\/wp-content\/uploads\/2026\/03\/IMG_20260317_191723_8511.jpg.jpeg\" class=\"attachment-full size-full wp-image-379\" alt=\"El encuentro surf city, la libertad verano\" srcset=\"https:\/\/elencuentrosv.com\/lalibertad\/wp-content\/uploads\/2026\/03\/IMG_20260317_191723_8511.jpg.jpeg 1080w, https:\/\/elencuentrosv.com\/lalibertad\/wp-content\/uploads\/2026\/03\/IMG_20260317_191723_8511.jpg-176x300.jpeg 176w, https:\/\/elencuentrosv.com\/lalibertad\/wp-content\/uploads\/2026\/03\/IMG_20260317_191723_8511.jpg-599x1024.jpeg 599w, https:\/\/elencuentrosv.com\/lalibertad\/wp-content\/uploads\/2026\/03\/IMG_20260317_191723_8511.jpg-768x1312.jpeg 768w, https:\/\/elencuentrosv.com\/lalibertad\/wp-content\/uploads\/2026\/03\/IMG_20260317_191723_8511.jpg-899x1536.jpeg 899w\" sizes=\"(max-width: 1080px) 100vw, 1080px\" \/><\/div><\/a>\n\t\t\t\t<div class=\"elementor-post__text\">\n\t\t\t\t<h3 class=\"elementor-post__title\">\n\t\t\t<a href=\"https:\/\/elencuentrosv.com\/lalibertad\/el-encuentro-la-libertad-en-verano-tu-parada-ideal-para-compras-descanso-y-conveniencia\/\" >\n\t\t\t\tEl Encuentro La Libertad en verano: tu parada ideal para compras, descanso y conveniencia\t\t\t<\/a>\n\t\t<\/h3>\n\t\t\t\t<div class=\"elementor-post__excerpt\">\n\t\t\t<p>El verano transforma la forma en que nos movemos, viajamos y planificamos nuestros d\u00edas. En esta temporada, contar con espacios estrat\u00e9gicos donde puedas detenerte, resolver compras y continuar tu camino hace toda la diferencia. Por eso, El Encuentro La Libertad se posiciona como un punto clave para quienes buscan practicidad<\/p>\n\t\t<\/div>\n\t\t\n\t\t<a class=\"elementor-post__read-more\" href=\"https:\/\/elencuentrosv.com\/lalibertad\/el-encuentro-la-libertad-en-verano-tu-parada-ideal-para-compras-descanso-y-conveniencia\/\" aria-label=\"Read more about El Encuentro La Libertad en verano: tu parada ideal para compras, descanso y conveniencia\" tabindex=\"-1\" >\n\t\t\tLeer M\u00e1s\t\t<\/a>\n\n\t\t\t\t<\/div>\n\t\t\t\t\t<\/div>\n\t\t<\/article>\n\t\t\t\t<article class=\"elementor-post elementor-grid-item post-360 post type-post status-publish format-standard has-post-thumbnail hentry category-uncategorized\" role=\"listitem\">\n\t\t\t<div class=\"elementor-post__card\">\n\t\t\t\t<a class=\"elementor-post__thumbnail__link\" href=\"https:\/\/elencuentrosv.com\/lalibertad\/vivir-el-verano-en-plaza-comercial-el-encuentro-experiencias-compras-y-momentos-para-disfrutar\/\" tabindex=\"-1\" ><div class=\"elementor-post__thumbnail\"><img decoding=\"async\" width=\"1920\" height=\"2560\" src=\"https:\/\/elencuentrosv.com\/lalibertad\/wp-content\/uploads\/2026\/03\/WhatsApp-Image-2026-03-17-at-4.21.10-PM-scaled.jpeg\" class=\"attachment-full size-full wp-image-361\" alt=\"El encuentro surf city verano\" srcset=\"https:\/\/elencuentrosv.com\/lalibertad\/wp-content\/uploads\/2026\/03\/WhatsApp-Image-2026-03-17-at-4.21.10-PM-scaled.jpeg 1920w, https:\/\/elencuentrosv.com\/lalibertad\/wp-content\/uploads\/2026\/03\/WhatsApp-Image-2026-03-17-at-4.21.10-PM-225x300.jpeg 225w, https:\/\/elencuentrosv.com\/lalibertad\/wp-content\/uploads\/2026\/03\/WhatsApp-Image-2026-03-17-at-4.21.10-PM-768x1024.jpeg 768w, https:\/\/elencuentrosv.com\/lalibertad\/wp-content\/uploads\/2026\/03\/WhatsApp-Image-2026-03-17-at-4.21.10-PM-1152x1536.jpeg 1152w, https:\/\/elencuentrosv.com\/lalibertad\/wp-content\/uploads\/2026\/03\/WhatsApp-Image-2026-03-17-at-4.21.10-PM-1536x2048.jpeg 1536w\" sizes=\"(max-width: 1920px) 100vw, 1920px\" \/><\/div><\/a>\n\t\t\t\t<div class=\"elementor-post__text\">\n\t\t\t\t<h3 class=\"elementor-post__title\">\n\t\t\t<a href=\"https:\/\/elencuentrosv.com\/lalibertad\/vivir-el-verano-en-plaza-comercial-el-encuentro-experiencias-compras-y-momentos-para-disfrutar\/\" >\n\t\t\t\tVivir el verano en Plaza Comercial El Encuentro: experiencias, compras y momentos para disfrutar\t\t\t<\/a>\n\t\t<\/h3>\n\t\t\t\t<div class=\"elementor-post__excerpt\">\n\t\t\t<p>El verano es una de las \u00e9pocas m\u00e1s esperadas del a\u00f1o. Es el momento perfecto para salir, compartir, descubrir nuevas experiencias y aprovechar el clima para disfrutar cada d\u00eda con m\u00e1s energ\u00eda. En este contexto, Plaza Comercial El Encuentro se convierte en un punto de encuentro ideal donde la comodidad,<\/p>\n\t\t<\/div>\n\t\t\n\t\t<a class=\"elementor-post__read-more\" href=\"https:\/\/elencuentrosv.com\/lalibertad\/vivir-el-verano-en-plaza-comercial-el-encuentro-experiencias-compras-y-momentos-para-disfrutar\/\" aria-label=\"Read more about Vivir el verano en Plaza Comercial El Encuentro: experiencias, compras y momentos para disfrutar\" tabindex=\"-1\" >\n\t\t\tLeer M\u00e1s\t\t<\/a>\n\n\t\t\t\t<\/div>\n\t\t\t\t\t<\/div>\n\t\t<\/article>\n\t\t\t\t<article class=\"elementor-post elementor-grid-item post-340 post type-post status-publish format-standard has-post-thumbnail hentry category-uncategorized\" role=\"listitem\">\n\t\t\t<div class=\"elementor-post__card\">\n\t\t\t\t<a class=\"elementor-post__thumbnail__link\" href=\"https:\/\/elencuentrosv.com\/lalibertad\/black-friday-2025-mejores-descuentos-en-el-sitio-valle-dulce-la-libertad-zacatecoluca-y-sonsonate\/\" tabindex=\"-1\" ><div class=\"elementor-post__thumbnail\"><img alt=\"\" decoding=\"async\" width=\"815\" height=\"315\" src=\"https:\/\/elencuentrosv.com\/lalibertad\/wp-content\/uploads\/2025\/11\/WhatsApp-Image-2025-11-25-at-12.16.54-PM.jpeg\" class=\"attachment-full size-full wp-image-347\" alt=\"\" srcset=\"https:\/\/elencuentrosv.com\/lalibertad\/wp-content\/uploads\/2025\/11\/WhatsApp-Image-2025-11-25-at-12.16.54-PM.jpeg 815w, https:\/\/elencuentrosv.com\/lalibertad\/wp-content\/uploads\/2025\/11\/WhatsApp-Image-2025-11-25-at-12.16.54-PM-300x116.jpeg 300w, https:\/\/elencuentrosv.com\/lalibertad\/wp-content\/uploads\/2025\/11\/WhatsApp-Image-2025-11-25-at-12.16.54-PM-768x297.jpeg 768w\" sizes=\"(max-width: 815px) 100vw, 815px\" \/><\/div><\/a>\n\t\t\t\t<div class=\"elementor-post__text\">\n\t\t\t\t<h3 class=\"elementor-post__title\">\n\t\t\t<a href=\"https:\/\/elencuentrosv.com\/lalibertad\/black-friday-2025-mejores-descuentos-en-el-sitio-valle-dulce-la-libertad-zacatecoluca-y-sonsonate\/\" >\n\t\t\t\tBlack Friday 2025: Mejores Descuentos en El Sitio, Valle Dulce, La Libertad, Zacatecoluca y Sonsonate\t\t\t<\/a>\n\t\t<\/h3>\n\t\t\t\t<div class=\"elementor-post__excerpt\">\n\t\t\t<p>El Black Friday 2025 va a convertirse en uno de los momentos m\u00e1s esperados del a\u00f1o para quienes aman las compras, las ofertas y los eventos especiales pensados para toda la familia. Este 28, 29 y 30 de noviembre vas a disfrutar promociones \u00fanicas en nuestras plazas comerciales: El Sitio,<\/p>\n\t\t<\/div>\n\t\t\n\t\t<a class=\"elementor-post__read-more\" href=\"https:\/\/elencuentrosv.com\/lalibertad\/black-friday-2025-mejores-descuentos-en-el-sitio-valle-dulce-la-libertad-zacatecoluca-y-sonsonate\/\" aria-label=\"Read more about Black Friday 2025: Mejores Descuentos en El Sitio, Valle Dulce, La Libertad, Zacatecoluca y Sonsonate\" tabindex=\"-1\" >\n\t\t\tLeer M\u00e1s\t\t<\/a>\n\n\t\t\t\t<\/div>\n\t\t\t\t\t<\/div>\n\t\t<\/article>\n\t\t\t\t<article class=\"elementor-post elementor-grid-item post-308 post type-post status-publish format-standard has-post-thumbnail hentry category-uncategorized\" role=\"listitem\">\n\t\t\t<div class=\"elementor-post__card\">\n\t\t\t\t<a class=\"elementor-post__thumbnail__link\" href=\"https:\/\/elencuentrosv.com\/lalibertad\/merch-el-encuentro-la-libertad-el-salvador\/\" tabindex=\"-1\" ><div class=\"elementor-post__thumbnail\"><img loading=\"lazy\" decoding=\"async\" width=\"765\" height=\"1020\" src=\"https:\/\/elencuentrosv.com\/lalibertad\/wp-content\/uploads\/2025\/09\/2025-01-08.webp\" class=\"attachment-full size-full wp-image-309\" alt=\"merch el encuentro la libertad surf city\" srcset=\"https:\/\/elencuentrosv.com\/lalibertad\/wp-content\/uploads\/2025\/09\/2025-01-08.webp 765w, https:\/\/elencuentrosv.com\/lalibertad\/wp-content\/uploads\/2025\/09\/2025-01-08-225x300.webp 225w\" sizes=\"(max-width: 765px) 100vw, 765px\" \/><\/div><\/a>\n\t\t\t\t<div class=\"elementor-post__text\">\n\t\t\t\t<h3 class=\"elementor-post__title\">\n\t\t\t<a href=\"https:\/\/elencuentrosv.com\/lalibertad\/merch-el-encuentro-la-libertad-el-salvador\/\" >\n\t\t\t\tMerch, El Encuentro La Libertad, El Salvador\t\t\t<\/a>\n\t\t<\/h3>\n\t\t\t\t<div class=\"elementor-post__excerpt\">\n\t\t\t<p>En Merch, El Encuentro La Libertad, El Salvador, nuestros visitantes encuentran una tienda de ropa de marcas que combina moda, estilo y comodidad en un solo lugar. Ubicada dentro de El Encuentro La Libertad, nuestra propuesta es ofrecer una experiencia pr\u00e1ctica y moderna para quienes buscan renovar su guardarropa con<\/p>\n\t\t<\/div>\n\t\t\n\t\t<a class=\"elementor-post__read-more\" href=\"https:\/\/elencuentrosv.com\/lalibertad\/merch-el-encuentro-la-libertad-el-salvador\/\" aria-label=\"Read more about Merch, El Encuentro La Libertad, El Salvador\" tabindex=\"-1\" >\n\t\t\tLeer M\u00e1s\t\t<\/a>\n\n\t\t\t\t<\/div>\n\t\t\t\t\t<\/div>\n\t\t<\/article>\n\t\t\t\t<article class=\"elementor-post elementor-grid-item post-303 post type-post status-publish format-standard has-post-thumbnail hentry category-uncategorized\" role=\"listitem\">\n\t\t\t<div class=\"elementor-post__card\">\n\t\t\t\t<a class=\"elementor-post__thumbnail__link\" href=\"https:\/\/elencuentrosv.com\/lalibertad\/tipicos-margoth-esta-en-centro-comercial-el-encuentro\/\" tabindex=\"-1\" ><div class=\"elementor-post__thumbnail\"><img loading=\"lazy\" decoding=\"async\" width=\"1360\" height=\"1020\" src=\"https:\/\/elencuentrosv.com\/lalibertad\/wp-content\/uploads\/2025\/09\/unnamed.webp\" class=\"attachment-full size-full wp-image-304\" alt=\"T\u00edpicos Margoth El Encuentro\" srcset=\"https:\/\/elencuentrosv.com\/lalibertad\/wp-content\/uploads\/2025\/09\/unnamed.webp 1360w, https:\/\/elencuentrosv.com\/lalibertad\/wp-content\/uploads\/2025\/09\/unnamed-300x225.webp 300w, https:\/\/elencuentrosv.com\/lalibertad\/wp-content\/uploads\/2025\/09\/unnamed-1024x768.webp 1024w, https:\/\/elencuentrosv.com\/lalibertad\/wp-content\/uploads\/2025\/09\/unnamed-768x576.webp 768w\" sizes=\"(max-width: 1360px) 100vw, 1360px\" \/><\/div><\/a>\n\t\t\t\t<div class=\"elementor-post__text\">\n\t\t\t\t<h3 class=\"elementor-post__title\">\n\t\t\t<a href=\"https:\/\/elencuentrosv.com\/lalibertad\/tipicos-margoth-esta-en-centro-comercial-el-encuentro\/\" >\n\t\t\t\tT\u00edpicos Margoth est\u00e1 en Centro Comercial El Encuentro\t\t\t<\/a>\n\t\t<\/h3>\n\t\t\t\t<div class=\"elementor-post__excerpt\">\n\t\t\t<p>\u00a0 En El Encuentro, centro comercial en El Salvador con sedes en La Libertad Surf City, Zacate y Opico, buscamos crear experiencias que combinan compras, entretenimiento y gastronom\u00eda. Dentro de nuestra propuesta culinaria, uno de los restaurantes m\u00e1s apreciados por nuestros visitantes es T\u00edpicos Margoth \u2022 El Encuentro, un espacio<\/p>\n\t\t<\/div>\n\t\t\n\t\t<a class=\"elementor-post__read-more\" href=\"https:\/\/elencuentrosv.com\/lalibertad\/tipicos-margoth-esta-en-centro-comercial-el-encuentro\/\" aria-label=\"Read more about T\u00edpicos Margoth est\u00e1 en Centro Comercial El Encuentro\" tabindex=\"-1\" >\n\t\t\tLeer M\u00e1s\t\t<\/a>\n\n\t\t\t\t<\/div>\n\t\t\t\t\t<\/div>\n\t\t<\/article>\n\t\t\t\t<article class=\"elementor-post elementor-grid-item post-283 post type-post status-publish format-standard has-post-thumbnail hentry category-uncategorized\" role=\"listitem\">\n\t\t\t<div class=\"elementor-post__card\">\n\t\t\t\t<a class=\"elementor-post__thumbnail__link\" href=\"https:\/\/elencuentrosv.com\/lalibertad\/hay-starbucks-en-el-encuentro-la-libertad-de-el-salvador\/\" tabindex=\"-1\" ><div class=\"elementor-post__thumbnail\"><img loading=\"lazy\" decoding=\"async\" width=\"1536\" height=\"864\" src=\"https:\/\/elencuentrosv.com\/lalibertad\/wp-content\/uploads\/2025\/08\/STARBUCKS-SURF-CITY-EL-SALVADOR.jpg\" class=\"attachment-full size-full wp-image-284\" alt=\"Starbucks el encuentro la libertad\" srcset=\"https:\/\/elencuentrosv.com\/lalibertad\/wp-content\/uploads\/2025\/08\/STARBUCKS-SURF-CITY-EL-SALVADOR.jpg 1536w, https:\/\/elencuentrosv.com\/lalibertad\/wp-content\/uploads\/2025\/08\/STARBUCKS-SURF-CITY-EL-SALVADOR-300x169.jpg 300w, https:\/\/elencuentrosv.com\/lalibertad\/wp-content\/uploads\/2025\/08\/STARBUCKS-SURF-CITY-EL-SALVADOR-1024x576.jpg 1024w, https:\/\/elencuentrosv.com\/lalibertad\/wp-content\/uploads\/2025\/08\/STARBUCKS-SURF-CITY-EL-SALVADOR-768x432.jpg 768w\" sizes=\"(max-width: 1536px) 100vw, 1536px\" \/><\/div><\/a>\n\t\t\t\t<div class=\"elementor-post__text\">\n\t\t\t\t<h3 class=\"elementor-post__title\">\n\t\t\t<a href=\"https:\/\/elencuentrosv.com\/lalibertad\/hay-starbucks-en-el-encuentro-la-libertad-de-el-salvador\/\" >\n\t\t\t\tHay Starbucks en El Encuentro La Libertad de El Salvador\t\t\t<\/a>\n\t\t<\/h3>\n\t\t\t\t<div class=\"elementor-post__excerpt\">\n\t\t\t<p>Starbucks El Salvador ha conquistado a los amantes del caf\u00e9 que buscan m\u00e1s que una simple bebida. En Plaza Comercial El Encuentro, la marca ofrece una experiencia \u00fanica donde el aroma, el sabor y el ambiente se combinan para crear momentos memorables. Este es el lugar ideal para quienes desean<\/p>\n\t\t<\/div>\n\t\t\n\t\t<a class=\"elementor-post__read-more\" href=\"https:\/\/elencuentrosv.com\/lalibertad\/hay-starbucks-en-el-encuentro-la-libertad-de-el-salvador\/\" aria-label=\"Read more about Hay Starbucks en El Encuentro La Libertad de El Salvador\" tabindex=\"-1\" >\n\t\t\tLeer M\u00e1s\t\t<\/a>\n\n\t\t\t\t<\/div>\n\t\t\t\t\t<\/div>\n\t\t<\/article>\n\t\t\t\t<article class=\"elementor-post elementor-grid-item post-279 post type-post status-publish format-standard has-post-thumbnail hentry category-uncategorized\" role=\"listitem\">\n\t\t\t<div class=\"elementor-post__card\">\n\t\t\t\t<a class=\"elementor-post__thumbnail__link\" href=\"https:\/\/elencuentrosv.com\/lalibertad\/que-hay-en-el-encuentro-la-libertad-surf-city-guia-completa-para-tu-proxima-visita\/\" tabindex=\"-1\" ><div class=\"elementor-post__thumbnail\"><img loading=\"lazy\" decoding=\"async\" width=\"2000\" height=\"1125\" src=\"https:\/\/elencuentrosv.com\/lalibertad\/wp-content\/uploads\/2024\/11\/Lalibertad1_EE_LaLib-35.jpg\" class=\"attachment-full size-full wp-image-193\" alt=\"Plaza Comercial El Encuentro Surf City La Libertad\" srcset=\"https:\/\/elencuentrosv.com\/lalibertad\/wp-content\/uploads\/2024\/11\/Lalibertad1_EE_LaLib-35.jpg 2000w, https:\/\/elencuentrosv.com\/lalibertad\/wp-content\/uploads\/2024\/11\/Lalibertad1_EE_LaLib-35-300x169.jpg 300w, https:\/\/elencuentrosv.com\/lalibertad\/wp-content\/uploads\/2024\/11\/Lalibertad1_EE_LaLib-35-1024x576.jpg 1024w, https:\/\/elencuentrosv.com\/lalibertad\/wp-content\/uploads\/2024\/11\/Lalibertad1_EE_LaLib-35-768x432.jpg 768w, https:\/\/elencuentrosv.com\/lalibertad\/wp-content\/uploads\/2024\/11\/Lalibertad1_EE_LaLib-35-1536x864.jpg 1536w\" sizes=\"(max-width: 2000px) 100vw, 2000px\" \/><\/div><\/a>\n\t\t\t\t<div class=\"elementor-post__text\">\n\t\t\t\t<h3 class=\"elementor-post__title\">\n\t\t\t<a href=\"https:\/\/elencuentrosv.com\/lalibertad\/que-hay-en-el-encuentro-la-libertad-surf-city-guia-completa-para-tu-proxima-visita\/\" >\n\t\t\t\t\u00bfQu\u00e9 hay en El Encuentro, La Libertad Surf City? Gu\u00eda completa para tu pr\u00f3xima visita\t\t\t<\/a>\n\t\t<\/h3>\n\t\t\t\t<div class=\"elementor-post__excerpt\">\n\t\t\t<p>\u00a0 El Encuentro La Libertad Surf City es ese lugar donde todo converge: playa, comercio, descanso y sabor local. Al igual que las dem\u00e1s plazas comerciales de El Encuentro, este espacio ha sido creado para ofrecernos experiencias completas. Si est\u00e1s organizando una escapada a Surf City en El Salvador, esta<\/p>\n\t\t<\/div>\n\t\t\n\t\t<a class=\"elementor-post__read-more\" href=\"https:\/\/elencuentrosv.com\/lalibertad\/que-hay-en-el-encuentro-la-libertad-surf-city-guia-completa-para-tu-proxima-visita\/\" aria-label=\"Read more about \u00bfQu\u00e9 hay en El Encuentro, La Libertad Surf City? Gu\u00eda completa para tu pr\u00f3xima visita\" tabindex=\"-1\" >\n\t\t\tLeer M\u00e1s\t\t<\/a>\n\n\t\t\t\t<\/div>\n\t\t\t\t\t<\/div>\n\t\t<\/article>\n\t\t\t\t<article class=\"elementor-post elementor-grid-item post-258 post type-post status-publish format-standard has-post-thumbnail hentry category-uncategorized\" role=\"listitem\">\n\t\t\t<div class=\"elementor-post__card\">\n\t\t\t\t<a class=\"elementor-post__thumbnail__link\" href=\"https:\/\/elencuentrosv.com\/lalibertad\/plaza-comercial-el-encuentro-la-libertad\/\" tabindex=\"-1\" ><div class=\"elementor-post__thumbnail\"><img loading=\"lazy\" decoding=\"async\" width=\"2560\" height=\"1440\" src=\"https:\/\/elencuentrosv.com\/lalibertad\/wp-content\/uploads\/2025\/03\/DJI_20231219010136_0957_D-scaled.jpg\" class=\"attachment-full size-full wp-image-242\" alt=\"Plaza Comercial El Encuentro Surf City La Libertad\" srcset=\"https:\/\/elencuentrosv.com\/lalibertad\/wp-content\/uploads\/2025\/03\/DJI_20231219010136_0957_D-scaled.jpg 2560w, https:\/\/elencuentrosv.com\/lalibertad\/wp-content\/uploads\/2025\/03\/DJI_20231219010136_0957_D-300x169.jpg 300w, https:\/\/elencuentrosv.com\/lalibertad\/wp-content\/uploads\/2025\/03\/DJI_20231219010136_0957_D-1024x576.jpg 1024w, https:\/\/elencuentrosv.com\/lalibertad\/wp-content\/uploads\/2025\/03\/DJI_20231219010136_0957_D-768x432.jpg 768w, https:\/\/elencuentrosv.com\/lalibertad\/wp-content\/uploads\/2025\/03\/DJI_20231219010136_0957_D-1536x864.jpg 1536w, https:\/\/elencuentrosv.com\/lalibertad\/wp-content\/uploads\/2025\/03\/DJI_20231219010136_0957_D-2048x1152.jpg 2048w\" sizes=\"(max-width: 2560px) 100vw, 2560px\" \/><\/div><\/a>\n\t\t\t\t<div class=\"elementor-post__text\">\n\t\t\t\t<h3 class=\"elementor-post__title\">\n\t\t\t<a href=\"https:\/\/elencuentrosv.com\/lalibertad\/plaza-comercial-el-encuentro-la-libertad\/\" >\n\t\t\t\tPlaza Comercial El Encuentro La Libertad\t\t\t<\/a>\n\t\t<\/h3>\n\t\t\t\t<div class=\"elementor-post__excerpt\">\n\t\t\t<p>La Plaza Comercial El Encuentro La Libertad nace en una de las zonas m\u00e1s din\u00e1micas y con mayor proyecci\u00f3n tur\u00edstica y comercial del pa\u00eds. Aqu\u00ed, la comodidad de un centro comercial se fusiona con el estilo de vida de la costa. La Plaza Comercial El Encuentro La Libertad es ese<\/p>\n\t\t<\/div>\n\t\t\n\t\t<a class=\"elementor-post__read-more\" href=\"https:\/\/elencuentrosv.com\/lalibertad\/plaza-comercial-el-encuentro-la-libertad\/\" aria-label=\"Read more about Plaza Comercial El Encuentro La Libertad\" tabindex=\"-1\" >\n\t\t\tLeer M\u00e1s\t\t<\/a>\n\n\t\t\t\t<\/div>\n\t\t\t\t\t<\/div>\n\t\t<\/article>\n\t\t\t\t<\/div>\n\t\t\n\t\t\t\t\t\t<\/div>\n\t\t\t\t<\/div>\n\t\t\t\t\t<\/div>\n\t\t\t\t<\/div>\n\t\t\t\t<\/div>\n\t\t","protected":false},"excerpt":{"rendered":"","protected":false},"author":1,"featured_media":0,"parent":0,"menu_order":0,"comment_status":"closed","ping_status":"closed","template":"elementor_header_footer","meta":{"_acf_changed":false,"_seopress_robots_primary_cat":"","_seopress_titles_title":"","_seopress_titles_desc":"","_seopress_robots_index":"","footnotes":""},"class_list":["post-262","page","type-page","status-publish","hentry"],"acf":[],"_links":{"self":[{"href":"https:\/\/elencuentrosv.com\/lalibertad\/wp-json\/wp\/v2\/pages\/262","targetHints":{"allow":["GET"]}}],"collection":[{"href":"https:\/\/elencuentrosv.com\/lalibertad\/wp-json\/wp\/v2\/pages"}],"about":[{"href":"https:\/\/elencuentrosv.com\/lalibertad\/wp-json\/wp\/v2\/types\/page"}],"author":[{"embeddable":true,"href":"https:\/\/elencuentrosv.com\/lalibertad\/wp-json\/wp\/v2\/users\/1"}],"replies":[{"embeddable":true,"href":"https:\/\/elencuentrosv.com\/lalibertad\/wp-json\/wp\/v2\/comments?post=262"}],"version-history":[{"count":6,"href":"https:\/\/elencuentrosv.com\/lalibertad\/wp-json\/wp\/v2\/pages\/262\/revisions"}],"predecessor-version":[{"id":271,"href":"https:\/\/elencuentrosv.com\/lalibertad\/wp-json\/wp\/v2\/pages\/262\/revisions\/271"}],"wp:attachment":[{"href":"https:\/\/elencuentrosv.com\/lalibertad\/wp-json\/wp\/v2\/media?parent=262"}],"curies":[{"name":"wp","href":"https:\/\/api.w.org\/{rel}","templated":true}]}}