{"id":13,"date":"2024-10-14T22:34:15","date_gmt":"2024-10-14T22:34:15","guid":{"rendered":"https:\/\/elencuentrosv.com\/elsitio\/?page_id=13"},"modified":"2026-02-20T04:10:09","modified_gmt":"2026-02-20T04:10:09","slug":"homepage","status":"publish","type":"page","link":"https:\/\/elencuentrosv.com\/elsitio\/homepage\/","title":{"rendered":"El Encuentro El Sitio, San Miguel"},"content":{"rendered":"\n<h1 class=\"wp-block-heading\">El Encuentro El Sitio, San Miguel<\/h1>\n\n\n\n<p>El Encuentro El Sitio, San Miguel es uno de los espacios comerciales m\u00e1s esperados en el oriente del pa\u00eds. Dise\u00f1ado para transformar la experiencia de compra y recreaci\u00f3n, la plaza comercial El Encuentro San Miguel es tu punto estrat\u00e9gico ideal para tu comodidad, variedad y recreaci\u00f3n. El Centro Comercial El Encuentro San Miguel combina tecnolog\u00eda, sostenibilidad y modernidad para ofrecerlo todo en un solo lugar.<\/p>\n","protected":false},"excerpt":{"rendered":"<p>El Encuentro El Sitio, San Miguel El Encuentro El Sitio, San Miguel es uno de los espacios comerciales m\u00e1s esperados en el oriente del pa\u00eds. Dise\u00f1ado para transformar la experiencia de compra y recreaci\u00f3n, la plaza comercial El Encuentro San Miguel es tu punto estrat\u00e9gico ideal para tu comodidad, variedad y recreaci\u00f3n. El Centro Comercial [&hellip;]<\/p>\n","protected":false},"author":1,"featured_media":412,"parent":0,"menu_order":0,"comment_status":"closed","ping_status":"closed","template":"templates\/homepage.php","meta":{"_acf_changed":false,"_seopress_robots_primary_cat":"","_seopress_titles_title":"El Encuentro El Sitio, San Miguel","_seopress_titles_desc":"El Encuentro El Sitio, San Miguel es uno de los espacios comerciales en el oriente del pa\u00eds. Dise\u00f1ado para transformar la experiencia de compra y recreaci\u00f3n.","_seopress_robots_index":"","_seopress_analysis_target_kw":"El Encuentro El Sitio San Miguel","footnotes":""},"class_list":["post-13","page","type-page","status-publish","has-post-thumbnail","hentry"],"acf":[],"_links":{"self":[{"href":"https:\/\/elencuentrosv.com\/elsitio\/wp-json\/wp\/v2\/pages\/13","targetHints":{"allow":["GET"]}}],"collection":[{"href":"https:\/\/elencuentrosv.com\/elsitio\/wp-json\/wp\/v2\/pages"}],"about":[{"href":"https:\/\/elencuentrosv.com\/elsitio\/wp-json\/wp\/v2\/types\/page"}],"author":[{"embeddable":true,"href":"https:\/\/elencuentrosv.com\/elsitio\/wp-json\/wp\/v2\/users\/1"}],"replies":[{"embeddable":true,"href":"https:\/\/elencuentrosv.com\/elsitio\/wp-json\/wp\/v2\/comments?post=13"}],"version-history":[{"count":26,"href":"https:\/\/elencuentrosv.com\/elsitio\/wp-json\/wp\/v2\/pages\/13\/revisions"}],"predecessor-version":[{"id":496,"href":"https:\/\/elencuentrosv.com\/elsitio\/wp-json\/wp\/v2\/pages\/13\/revisions\/496"}],"wp:featuredmedia":[{"embeddable":true,"href":"https:\/\/elencuentrosv.com\/elsitio\/wp-json\/wp\/v2\/media\/412"}],"wp:attachment":[{"href":"https:\/\/elencuentrosv.com\/elsitio\/wp-json\/wp\/v2\/media?parent=13"}],"curies":[{"name":"wp","href":"https:\/\/api.w.org\/{rel}","templated":true}]}}