{"id":71,"date":"2024-10-22T16:47:57","date_gmt":"2024-10-22T16:47:57","guid":{"rendered":"https:\/\/elencuentrosv.com\/aguilares\/?page_id=71"},"modified":"2025-04-14T01:47:15","modified_gmt":"2025-04-14T01:47:15","slug":"todos-los-comercios","status":"publish","type":"page","link":"https:\/\/elencuentrosv.com\/aguilares\/todos-los-comercios\/","title":{"rendered":"Todos los comercios"},"content":{"rendered":"\n<p>La estructura de la Plaza Comercial El Encuentro Aguilares ha sido dise\u00f1ada con visi\u00f3n a largo plazo. Espacios amplios, bien distribuidos y funcionales hacen que la experiencia sea fluida. Pensamos cada \u00e1rea con prop\u00f3sito: zonas de descanso, corredores ventilados, iluminaci\u00f3n natural y \u00e1reas de entretenimiento que se adaptan a todas las edades.<\/p>\n\n\n\n<h3 class=\"wp-block-heading\">Tiendas<\/h3>\n\n\n\n<p>Encuentra marcas locales y nacionales que suman valor a la comunidad. Cada tienda est\u00e1 pensada para que resuelvas lo que necesitas sin recorrer kil\u00f3metros. Eso es lo que entendemos como una compra inteligente: cercana, r\u00e1pida y confiable.<\/p>\n","protected":false},"excerpt":{"rendered":"<p>La estructura de la Plaza Comercial El Encuentro Aguilares ha sido dise\u00f1ada con visi\u00f3n a largo plazo. Espacios amplios, bien distribuidos y funcionales hacen que la experiencia sea fluida. Pensamos cada \u00e1rea con prop\u00f3sito: zonas de descanso, corredores ventilados, iluminaci\u00f3n natural y \u00e1reas de entretenimiento que se adaptan a todas las edades. Tiendas Encuentra marcas [&hellip;]<\/p>\n","protected":false},"author":1,"featured_media":0,"parent":0,"menu_order":0,"comment_status":"closed","ping_status":"closed","template":"templates\/todos-los-comercios.php","meta":{"_acf_changed":false,"_seopress_robots_primary_cat":"","_seopress_titles_title":"","_seopress_titles_desc":"","_seopress_robots_index":"","footnotes":""},"class_list":["post-71","page","type-page","status-publish","hentry"],"acf":[],"_links":{"self":[{"href":"https:\/\/elencuentrosv.com\/aguilares\/wp-json\/wp\/v2\/pages\/71","targetHints":{"allow":["GET"]}}],"collection":[{"href":"https:\/\/elencuentrosv.com\/aguilares\/wp-json\/wp\/v2\/pages"}],"about":[{"href":"https:\/\/elencuentrosv.com\/aguilares\/wp-json\/wp\/v2\/types\/page"}],"author":[{"embeddable":true,"href":"https:\/\/elencuentrosv.com\/aguilares\/wp-json\/wp\/v2\/users\/1"}],"replies":[{"embeddable":true,"href":"https:\/\/elencuentrosv.com\/aguilares\/wp-json\/wp\/v2\/comments?post=71"}],"version-history":[{"count":3,"href":"https:\/\/elencuentrosv.com\/aguilares\/wp-json\/wp\/v2\/pages\/71\/revisions"}],"predecessor-version":[{"id":290,"href":"https:\/\/elencuentrosv.com\/aguilares\/wp-json\/wp\/v2\/pages\/71\/revisions\/290"}],"wp:attachment":[{"href":"https:\/\/elencuentrosv.com\/aguilares\/wp-json\/wp\/v2\/media?parent=71"}],"curies":[{"name":"wp","href":"https:\/\/api.w.org\/{rel}","templated":true}]}}